{"id":5403,"date":"2018-03-05T12:35:12","date_gmt":"2018-03-05T18:35:12","guid":{"rendered":"http:\/\/polimex.mx\/tienda\/contactenos-copy\/"},"modified":"2018-03-05T12:41:00","modified_gmt":"2018-03-05T18:41:00","slug":"aviso-de-privacidad","status":"publish","type":"page","link":"https:\/\/polimex.mx\/tienda\/aviso-de-privacidad\/","title":{"rendered":"Aviso de Privacidad"},"content":{"rendered":"<p>[vc_row][vc_column][vc_column_text]<strong>AVISO DE PRIVACIDAD relacionado con los datos personales, recabados por Productos Polimex, S.A. de C.V., en adelante denominada como \u201cPRODUCTOS POLIMEX\u201d.<\/strong><\/p>\n<p><strong>1. Generales.<\/strong><\/p>\n<p>1.1. <strong>PRODUCTOS POLIMEX<\/strong> ES UNA PERSONA MORAL COMPROMETIDA Y RESPETUOSA DE LOS DERECHOS SOBRE LOS DATOS PERSONALES DE LAS PERSONAS F\u00cdSICAS, RECONOCIDOS EN EL ART\u00cdCULO 16 FRACCI\u00d3N II DE LA CONSTITUCI\u00d3N POL\u00cdTICA DE LOS ESTADOS UNIDOS MEXICANOS, AS\u00cd COMO DE LAS DISPOSICIONES DE LA LEY FEDERAL DE PROTECCI\u00d3N DE DATOS PERSONALES EN POSESI\u00d3N DE LOS PARTICULARES, POR LO ANTERIOR PONE A SU DISPOSICI\u00d3N EL PRESENTE AVISO DE PRIVACIDAD, EN ARAS DE QUE EL TITULAR DE LOS DATOS PERSONALES, SE ENCUENTRE FACULTADO A EJERCITAR SU DERECHO A LA AUTODETERMINACI\u00d3N INFORMATIVA.<br \/>\n1.2. ESTE AVISO DE PRIVACIDAD, SE PONE A DISPOSICI\u00d3N DE LOS TITULARES EN LAS P\u00c1GINAS DE INTERNET CUYO NOMBRE DE DOMINIO ES: www.polimex.mx y www.polimex.mx\/tienda EN ADELANTE DENOMINADA, COMO LAS P\u00c1GINAS DE INTERNET DE <strong>PRODUCTOS POLIMEX<\/strong>.<br \/>\n1.3. USTED (EN ADELANTE REFERIDO COMO EL \u201cTITULAR\u201d O LOS \u201cTITULARES\u201d) AL INGRESAR Y UTILIZAR A LAS P\u00c1GINAS DE INTERNET DE <strong>PRODUCTOS POLIMEX<\/strong> O REGISTRARSE EN NUESTROS EVENTOS, REGISTRARSE EN NUESTRAS LISTAS DE CORREO, DIRECTORIO Y SISTEMA ADMINISTRADOR DECLARA QUE EST\u00c1 ACEPTANDO LOS T\u00c9RMINOS Y LAS CONDICIONES CONTENIDOS EN ESTE AVISO Y DECLARA Y OTORGA EXPRESAMENTE SU ACEPTACI\u00d3N Y CONSENTIMIENTO UTILIZANDO PARA TAL EFECTO MEDIOS ELECTR\u00d3NICOS, EN T\u00c9RMINOS DE LO DISPUESTO POR EL ART\u00cdCULO 1803 DEL C\u00d3DIGO CIVIL FEDERAL.<br \/>\n1.4. SI EL TITULAR NO ACEPTA EN FORMA ABSOLUTA Y COMPLETA LOS T\u00c9RMINOS Y CONDICIONES DE ESTE AVISO, DEBER\u00c1 ABSTENERSE DE PROPORCIONAR CUALQUIER TIPO DE DATO PERSONAL A <strong>PRODUCTOS POLIMEX<\/strong> POR CUALQUIER MEDIO INCLUYENDO LAS P\u00c1GINAS DE INTERNET DE <strong>PRODUCTOS POLIMEX<\/strong>.<br \/>\n1.5. PARA EL CASO QUE EL TITULAR ACEPTE LOS PRESENTES Y\/O PROPORCIONE APRODUCTOS POLIMEX SUS DATOS PERSONALES, DICHA ACCI\u00d3N SE CONSIDERAR\u00c1 COMO SU ABSOLUTA Y EXPRESA ACEPTACI\u00d3N AL AVISO DE PRIVACIDAD PUBLICADO POR PRODUCTOS POLIMEXEN LAS P\u00c1GINAS DE INTERNET REFERIDA, EN EL MOMENTO MISMO EN QUE EL TITULAR PROPORCIONE SUS DATOS PERSONALES Y\/O EN EL QUE TENGA ACCESO O SE LE PONGA A DISPOSICI\u00d3N ESTE AVISO DE PRIVACIDAD.<br \/>\n1.7. LAS PARTES ACUERDAN QUE AL NO EXISTIR, ERROR, DOLO, MALA FE O CUALQUIER OTRO VICIO DE LA VOLUNTAD QUE PUDIERA NULIFICAR LA VALIDEZ DEL PRESENTE INSTRUMENTO, AMBAS ACUERDAN EN SUJETARSE AL TENOR DE LO ESTIPULADO EN LOS SIGUIENTES:<\/p>\n<p><strong>2. Definiciones.<\/strong><\/p>\n<p>2.1. Titular.- La persona f\u00edsica (TITULAR) a quien identifican o corresponden los datos personales.<br \/>\n2.2. Responsable.- Persona f\u00edsica o moral (<strong>PRODUCTOS POLIMEX<\/strong>) de car\u00e1cter privado que decide sobre el tratamiento de los datos personales.<br \/>\n2.3. Encargado.- La persona f\u00edsica o moral que sola o conjuntamente con otras trate datos personales por cuenta del responsable.<br \/>\n2.4. Tratamiento.- La obtenci\u00f3n, uso (que incluye el acceso, manejo, aprovechamiento, transferencia o disposici\u00f3n de datos personales), divulgaci\u00f3n o almacenamiento de datos personales por cualquier medio.<br \/>\n2.4.1 Transferencia.- Toda comunicaci\u00f3n de datos realizada a persona distinta del responsable o encargado del tratamiento.<br \/>\n2.5. Tercero.- La persona f\u00edsica o moral, nacional o extranjera, distinta del titular o del responsable de los datos.<br \/>\n2.6. Derechos ARCO.- Derechos de acceso, rectificaci\u00f3n, cancelaci\u00f3n y oposici\u00f3n.<br \/>\n2.7. Consentimiento T\u00e1cito.- Se entender\u00e1 que el titular ha consentido en el tratamiento de los datos, cuando habi\u00e9ndose puesto a su disposici\u00f3n el Aviso de Privacidad, no manifieste su oposici\u00f3n.<br \/>\n2.8. D\u00edas.- Cuando a lo largo del presente Aviso de Privacidad se utilice la palabra \u201cd\u00eda\u201d, se entender\u00e1 que los mismos son h\u00e1biles para efectos de contar cualquier plazo o t\u00e9rmino.<\/p>\n<p><strong>3. Identidad y domicilio del responsable que recaba los datos personales.<\/strong><\/p>\n<p>El responsable de la obtenci\u00f3n de los datos personales es Productos Polimex S.A. de C.V. (denominada <strong>PRODUCTOS POLIMEX<\/strong>) la cual se compromete a respetar lo establecido en el presente Aviso de Privacidad (en lo sucesivo el \u201cAviso\u201d), el cual est\u00e1 puesto a su disposici\u00f3n en cumplimiento a lo establecido en la Ley Federal de Protecci\u00f3n de Datos Personales en Posesi\u00f3n de los Particulares (en lo sucesivo la \u201cLey\u201d) y, es aplicable respecto a los datos personales de las personas f\u00edsicas, que <strong>PRODUCTOS POLIMEX<\/strong> obtiene a trav\u00e9s de LAS P\u00c1GINAS DE INTERNET DE <strong>PRODUCTOS POLIMEX<\/strong> y de las actividades que realiza.<\/p>\n<p>El domicilio que para los efectos del presente aviso establece <strong>PRODUCTOS POLIMEX<\/strong>, es el ubicado en: Lago Mask 124, An\u00e1huac Los Manzanos. CP 11460 Ciudad de M\u00e9xico, Distrito Federal.<\/p>\n<p><strong>4. Datos que se recaban.<\/strong><\/p>\n<p>4.1. Usuarios registrados en LAS P\u00c1GINAS DE INTERNET DE PRODUCTOS POLIMEX. nombre completo, domicilio, tel\u00e9fonos, correo electr\u00f3nico, cuenta de twitter, cuenta de Facebook youtube, Flickr, G+, pinterest, Vimeo, Tumblr, Instagram, Vine, Linkedin, Foursquare \u00faltimo grado de estudios, escuela donde estudia o estudio, lugar\/empresa donde trabaja, cargo de su trabajo, a qu\u00e9 se dedica,herramientas que utiliza, trabajos realizados.<br \/>\n4.2. EL TITULAR entiende que por la naturaleza de LAS P\u00c1GINAS DE INTERNET DE PRODUCTOS POLIMEX todos los datos que EL TITULAR decida hacer del dominio p\u00fablico mediante la publicaci\u00f3n en LAS P\u00c1GINAS DE INTERNET DE PRODUCTOS POLIMEX podr\u00e1n ser utilizados por cualquier tercero, sin necesidad de obtener su consentimiento, por tratarse de una fuente de acceso p\u00fablico, y por lo tanto, por ning\u00fan motivo ser\u00e1 responsable PRODUCTOS POLIMEX por el uso que terceros le den a dichos datos personales, as\u00ed como de aquellos datos que sean comunicados entre los usuarios a trav\u00e9s de cualquier medio, ya que compartir dicha informaci\u00f3n ser\u00e1 bajo absoluta responsabilidad y riesgo.<br \/>\n4.3.EL TITULAR, en este acto, otorga su consentimiento expreso en t\u00e9rminos del art\u00edculo 9 de la LFPDPPP, para que <strong>PRODUCTOS POLIMEX<\/strong> trate sus datos personales, contenidos en \u00e9sta cl\u00e1usula, para cumplir con las finalidades que establece el presente Aviso de Privacidad.<br \/>\n4.4. <strong>PRODUCTOS POLIMEX<\/strong> manifiesta que podr\u00e1 obtener los datos personales de EL TITULAR mediante las denominadas fuentes de acceso p\u00fablico, a efecto de validar y actualizar los datos de EL TITULAR, respetando en todo momento la expectativa razonable de privacidad a que se refiere el art\u00edculo 7 de la LFPDPPP.<br \/>\n4.6. <strong>PRODUCTOS POLIMEX<\/strong> usar\u00e1 informaci\u00f3n IP (Protocolo de Internet, por sus siglas en ingl\u00e9s Internet Protocol) para analizar cualquier tipo de amenazas a LAS P\u00c1GINAS DE INTERNET DE PRODUCTOS POLIMEX, as\u00ed como para recabar informaci\u00f3n demogr\u00e1fica. Sin embargo, la informaci\u00f3n IP, en ning\u00fan caso ser\u00e1 utilizada para identificar a los TITULARES, excepto cuando haya probabilidades de actividad fraudulenta.<\/p>\n<p><strong>5. Uso de \u201cCookies\u201d y \u201cweb beacons\u201d.<\/strong><\/p>\n<p>5.1. LAS P\u00c1GINAS DE INTERNET DE PRODUCTOS POLIMEX hace uso de \u201ccookies\u201d en conexi\u00f3n con ciertas caracter\u00edsticas o funciones. Las cookies son tipos espec\u00edficos de informaci\u00f3n que un sitio web transmite al disco duro de la computadora del TITULAR con el fin de mantener los registros. Las cookies pueden servir para facilitar el uso de un sitio web, al guardar contrase\u00f1as y preferencias mientras EL TITULAR navega en internet. LAS P\u00c1GINAS DE INTERNET DE PRODUCTOS POLIMEX no usa cookies para obtener datos de identificaci\u00f3n personal de la computadora del TITULAR que no se hayan enviado originalmente como parte de la cookie.<br \/>\n5.2. Por su parte, las \u201cweb beacons\u201d son im\u00e1genes insertadas en una p\u00e1gina de internet o correo electr\u00f3nico, que puede ser utilizado para monitorear el comportamiento de un visitante, como almacenar informaci\u00f3n sobre la direcci\u00f3n IP del usuario, duraci\u00f3n del tiempo de interacci\u00f3n en dicha p\u00e1gina y el tipo de navegador utilizado, entre otros.<br \/>\n5.3. Aunque la mayor\u00eda de los navegadores aceptan \u201ccookies\u201d y \u201cweb beacons\u201d autom\u00e1ticamente, EL TITULAR puede configurar su navegador para que no los acepte.<br \/>\n5.4. Para desactivar las \u201ccookies\u201d, debe seguir las siguientes instrucciones:<br \/>\n<strong>a.<\/strong> Internet Explorer: http:\/\/support.microsoft.com\/kb\/283185;<br \/>\n<strong>b.<\/strong> Firefox:http:\/\/support.mozilla.org\/es\/kb\/Habilitar%20y%20deshabilitar%20cookies?s=deshabilitar+cookies&amp;r=0&amp;e=es&amp;as=s;<br \/>\n<strong>c.<\/strong> Opera: http:\/\/help.opera.com\/Windows\/11.60\/en\/cookies.html;<br \/>\n<strong>d.<\/strong> Safari IPAD: http:\/\/manuals.info.apple.com\/en_US\/iPad_iOS4_User_Guide.pdf;<br \/>\n<strong>e.<\/strong> Safari IPHONE: http:\/\/manuals.info.apple.com\/en_US\/iPhone_iOS3.1_User_Guide.pdf; y<br \/>\n<strong>f.<\/strong> Chrome: http:\/\/support.google.com\/chrome\/bin\/answer.py?hl=es&amp;answer=95647<\/p>\n<p><strong>6. Finalidades del tratamiento de los datos personales.<\/strong><\/p>\n<p>6.1. <strong>PRODUCTOS POLIMEX<\/strong> acepta y reconoce que podr\u00e1 tratar los datos personales de EL TITULAR, para las siguientes finalidades primarias:<br \/>\n<strong>a.<\/strong> Registrarlo como usuario de LAS P\u00c1GINAS DE INTERNET DE PRODUCTOS POLIMEX y mantener dicha informaci\u00f3n hasta por 30- treinta d\u00edas posteriores a que el usuario d\u00e9 de baja su cuenta de LAS P\u00c1GINAS DE INTERNET DE PRODUCTOS POLIMEX.<br \/>\n<strong>b.<\/strong> Enviarle informaci\u00f3n relativa a las actividades de la comunidad de LAS P\u00c1GINAS DE INTERNET DE PRODUCTOS POLIMEX.<br \/>\n<strong>c.<\/strong> Conocer el perfil e intereses de los TITULARES.<br \/>\n<strong>d.<\/strong> Permitir al TITULAR compartir comentarios, informaci\u00f3n y experiencias que deseen hacer p\u00fablicas.<br \/>\n<strong>e.<\/strong> Para participar en din\u00e1micas que organice PRODUCTOS POLIMEX o sus patrocinadores.<br \/>\n<strong>f.<\/strong> Inscribirlo en los eventos que solicite el titular.<br \/>\n6.2. <strong>PRODUCTOS POLIMEX<\/strong> tratar\u00e1 los datos personales del TITULAR para las siguientes finalidades secundarias:<br \/>\n<strong>a.<\/strong> Para evaluar la calidad de LAS P\u00c1GINAS DE INTERNET DE PRODUCTOS POLIMEX.<br \/>\n<strong>b.<\/strong> Enviarle boletines peri\u00f3dicamente.<br \/>\n<strong>c.<\/strong> Para enviar noticias, promociones e invitaciones a eventos de PRODUCTOS POLIMEX y sus socios de negocios.<br \/>\n<strong>d.<\/strong> Generar informes internos sobre la utilizaci\u00f3n de LAS P\u00c1GINAS DE INTERNET DE PRODUCTOS POLIMEX.<br \/>\n<strong>e.<\/strong> Env\u00edos masivos de mailing para notificaciones o avisos relacionados a LAS P\u00c1GINAS DE INTERNET DE PRODUCTOS POLIMEX.<br \/>\n<strong>f.<\/strong> Para informarle de actualizaciones de LAS P\u00c1GINAS DE INTERNET DE PRODUCTOS POLIMEX, mensajes informativos y relativos a servicios, incluyendo actualizaciones de seguridad importantes.<br \/>\n<strong>g.<\/strong> Para incluir en las redes sociales en las que participa <strong>PRODUCTOS POLIMEX<\/strong>, a los usuarios de LAS P\u00c1GINAS DE INTERNET DE PRODUCTOS POLIMEX.<br \/>\n<strong>h.<\/strong> Env\u00edo de mailing masivo con fines publicitarios o de mercadotecnia de PRODUCTOS POLIMEX y sus socios de negocios.<br \/>\n6.3. En caso de que EL TITULAR no desee que sus datos personales sean utilizados para todas o algunas de las finalidades secundarias que se establecen en el apartado 6.2., deber\u00e1 enviar una solicitud de eliminaci\u00f3n de sus datos, especificando las finalidades para las que desea que no sean tratados sus datos personales, al siguiente correo electr\u00f3nico privacidad@polimex.mx.<br \/>\n6.4. Asimismo, <strong>PRODUCTOS POLIMEX<\/strong> informa al TITULAR que, salvo las excepciones que se describen en este punto del presente Aviso, todos los datos personales almacenados en soportes f\u00edsicos y electr\u00f3nicos, ser\u00e1n almacenados hasta por 10-diez a\u00f1os, una vez que concluya la finalidad para la que fueron recabados, para su posterior destrucci\u00f3n.<br \/>\n<strong>7. Limitaciones para el acceso y divulgaci\u00f3n de los datos personales.<\/strong><br \/>\n7.1. <strong>PRODUCTOS POLIMEX<\/strong> se compromete a realizar su mejor esfuerzo para proteger la seguridad de los datos personales que EL TITULAR le est\u00e1 entregando, mediante la celebraci\u00f3n de actos jur\u00eddicos, el uso de tecnolog\u00edas que controlen el acceso, uso o divulgaci\u00f3n sin autorizaci\u00f3n de la informaci\u00f3n personal; para tal efecto, se almacena la informaci\u00f3n personal en bases de datos con acceso limitado que se encuentran en instalaciones controladas con mecanismos de seguridad; <strong>PRODUCTOS POLIMEX<\/strong>, se compromete a que la informaci\u00f3n proporcionada por EL TITULAR, sea considerada con car\u00e1cter confidencial, y utilizada bajo plena privacidad, de acuerdo con los niveles de privacidad que otorga el sitio para la publicaci\u00f3n de la informaci\u00f3n.<br \/>\n7.2. De igual manera EL TITULAR podr\u00e1 darse de baja de la lista de env\u00edos masivos de correos electr\u00f3nicos publicitarios o mercadot\u00e9cnicos de <strong>PRODUCTOS POLIME<\/strong>X, para lo cual deber\u00e1 dar un clic en el enlace \u201cCancelar subscripci\u00f3n\u201d integrado en el pie de p\u00e1gina de todos los correos electr\u00f3nicos enviados por <strong>PRODUCTOS POLIMEX<\/strong>, a efecto de no volver a recibir dichas comunicaciones.<br \/>\n7.3. Adicionalmente, se le informa que para efectos de evitar recibir publicidad en general, puede realizar su inscripci\u00f3n en el Registro P\u00fablico para Evitar Publicidad, para mayor informaci\u00f3n podr\u00e1 revisar el sitio web de la Procuradur\u00eda Federal de Consumidor (PROFECO).<br \/>\n<strong>8. Designado de tramitar las solicitudes.<\/strong><br \/>\n8.1. En caso de que EL TITULAR necesite revocar su consentimiento, as\u00ed como Acceder, Rectificar, Cancelar, Oponerse al tratamiento de los datos personales que ha proporcionado, lo deber\u00e1 hacer a trav\u00e9s del Comit\u00e9 de Datos Personales de <strong>PRODUCTOS POLIMEX<\/strong>, cuyos datos se describen a continuaci\u00f3n:<br \/>\nDesignado: Mariana Pineda Castillo.<br \/>\nCorreo electr\u00f3nico: privacidad@polimex.mx<br \/>\n<strong>9. Medios para revocar el consentimiento.<\/strong><br \/>\n9.1. EL TITULAR de los datos personales podr\u00e1 revocar el consentimiento que se otorga con la aceptaci\u00f3n del presente. Dicha revocaci\u00f3n del consentimiento que se otorga por medios electr\u00f3nicos, se deber\u00e1 de hacer observando el siguiente procedimiento:<br \/>\n9.2. Enviar un correo electr\u00f3nico en atenci\u00f3n al designado en el punto 8.1 del presente Aviso, mediante el cual ser\u00e1n atendidas dichas solicitudes, en el que se\u00f1ale:<br \/>\n9.2.1. El nombre completo del TITULAR, domicilio y correo electr\u00f3nico para recibir la respuesta que se genere con motivo de su solicitud.<br \/>\n9.2.2. El motivo de su solicitud.<br \/>\n9.2.3. Los argumentos que sustenten su solicitud o petici\u00f3n.<br \/>\n9.2.4. Documento oficial que acredite su identidad y que demuestre que es quien dice ser.<br \/>\n9.2.5. Fecha a partir de la cual, se hace efectiva la revocaci\u00f3n de su consentimiento.<br \/>\n9.3. <strong>PRODUCTOS POLIMEX<\/strong> notificar\u00e1 a EL TITULAR, en un plazo m\u00e1ximo de 20-veinte d\u00edas, contados desde la fecha en que se recibi\u00f3 la solicitud sobre el ejercicio de los derechos ARCO, la resoluci\u00f3n adoptada, a efecto de que, si resulta procedente, se haga efectiva la solicitud dentro de los 15-quince d\u00edas siguientes a la fecha en que se comunica la respuesta, mediante un mensaje que contenga que ha ejecutado de todos los actos tendientes a no tratar los datos personales de EL TITULAR.<br \/>\n<strong>10. Medios para ejercer los derechos ARCO.<\/strong><br \/>\n10.1. En caso de que EL TITULAR necesite Acceder, Rectificar, Cancelar u Oponerse a los datos personales que ha proporcionado a <strong>PRODUCTOS POLIMEX<\/strong>, el TITULAR deber\u00e1 seguir el siguiente procedimiento:<br \/>\n10.2. Enviar un correo electr\u00f3nico en atenci\u00f3n al designado del punto 8.1 del presente Aviso, mediante el cual ser\u00e1n atendidas dichas solicitudes, se\u00f1alando lo siguiente:<br \/>\n10.2.1. El nombre completo del TITULAR, domicilio y correo electr\u00f3nico para recibir la respuesta que se genere con motivo de su solicitud.<br \/>\n10.2.2. El motivo de su solicitud.<br \/>\n10.2.3. Los argumentos que sustenten su solicitud o petici\u00f3n.<br \/>\n10.2.4. Documento oficial que acredite su identidad y que demuestre que es quien dice ser.<br \/>\n10.2.5. Descripci\u00f3n clara y precisa de los datos personales respecto de los que se busca ejercer alguno de los derechos ARCO, y cualquier otro elemento o documento que facilite la localizaci\u00f3n de los datos personales.<br \/>\n10.2.6. Trat\u00e1ndose de solicitudes de rectificaci\u00f3n de datos personales, el TITULAR deber\u00e1 indicar, adem\u00e1s de lo se\u00f1alado, las modificaciones a realizarse y aportar la documentaci\u00f3n que sustente su petici\u00f3n.<br \/>\n10.3. <strong>PRODUCTOS POLIMEX<\/strong> notificar\u00e1 al TITULAR, en un plazo m\u00e1ximo de 20-veinte d\u00edas contados desde la fecha en que se recibi\u00f3 la solicitud de acceso, rectificaci\u00f3n, cancelaci\u00f3n u oposici\u00f3n, la resoluci\u00f3n adoptada, a efecto de que, si resulta procedente, se haga efectiva la misma dentro de los 15-quince d\u00edas siguientes a la fecha en que se comunica la respuesta. Trat\u00e1ndose de solicitudes de acceso a datos personales, proceder\u00e1 la entrega previa acreditaci\u00f3n de la identidad del solicitante o representante legal, seg\u00fan corresponda.<br \/>\n<strong>11. Transferencia de datos personales.<\/strong><br \/>\n11.1. <strong>PRODUCTOS POLIMEX<\/strong> se obliga a no transferir o compartir los datos a que se refiere el presente Aviso, a favor de terceros, salvo en los casos que resulte necesario para cumplir con las finalidades del presente aviso, o bien, sean necesarios en cumplimiento de un requerimiento de autoridad.<br \/>\n11.2.No obstante lo anterior y, en caso de que se presenten vulneraciones de seguridad ocurridas en cualquier fase del tratamiento, que afecten de forma significativa los derechos patrimoniales o morales de los TITULARES, \u00e9stos ser\u00e1n informados por correo electr\u00f3nico, de forma inmediata, a fin de que estos \u00faltimos puedan tomar las medidas correspondientes a la defensa de sus derechos, deslindando de cualquier responsabilidad a <strong>PRODUCTOS POLIMEX<\/strong>, si la vulneraci\u00f3n no es imputable a \u00e9sta.<br \/>\n<strong>12. Modificaciones.<\/strong><br \/>\n12.1. Las partes acuerdan que el Aviso de Privacidad, puede ser modificado en el tiempo y forma que <strong>PRODUCTOS POLIMEX<\/strong> lo determine, atendiendo al estudio y las regulaciones en materia de protecci\u00f3n de datos personales surjan, por lo que se obliga a mantener actualizado el presente aviso, para su consulta en LAS P\u00c1GINAS DE INTERNET DE PRODUCTOS POLIMEX, a efecto de que en su caso, EL TITULAR se encuentre en posibilidad de ejercer sus derechos ARCO.<br \/>\n<strong>13. Ley aplicable y jurisdicci\u00f3n.<\/strong><br \/>\n13.1. Las partes expresan que el presente aviso, se regir\u00e1 por las disposiciones legales aplicables en la Rep\u00fablica Mexicana, en especial, por lo dispuesto en la Ley Federal de Datos Personales en Posesi\u00f3n de los Particulares y su reglamento.<br \/>\n13.2. Para el caso de que exista una disputa o controversia, derivada de la interpretaci\u00f3n, ejecuci\u00f3n o cumplimiento del aviso o de cualquiera de los documentos que del mismo se deriven, o que guarden relaci\u00f3n con \u00e9ste, las partes amigablemente, buscar\u00e1n llegar a un acuerdo dentro de un plazo de 30-treinta d\u00edas naturales, contados a partir de la fecha en que surja cualquier diferencia y se notifique por escrito sobre dicho evento a la contraparte, deduciendo el proceso de mediaci\u00f3n ante el Centro de Justicia Alternativa del Distrito Federal, llev\u00e1ndose al amparo de la Ley de Justicia Alternativa del Tribunal Superior de Justicia del Distrito Federal y su Reglamento Interno, vigente al momento de que se presente la controversia.<br \/>\n13.3. En caso de que las partes no lleguen a un acuerdo, convienen en este acto en someter todas las desavenencias que deriven del presente AVISO o de cualquiera de los documentos que del mismo se deriven, o que guarden relaci\u00f3n con \u00e9ste o con aqu\u00e9llos, ser\u00e1n resueltas de manera definitiva se someten a la competencia y leyes de las Autoridades Administrativas Federales o Tribunales de la Ciudad de M\u00e9xico, Distrito Federal renunciando expresamente a cualquier fuero distinto que por razones de sus domicilios presentes o futuros pudieren corresponderles.[\/vc_column_text][\/vc_column][\/vc_row]<\/p>\n","protected":false},"excerpt":{"rendered":"<p>[vc_row][vc_column][vc_column_text]AVISO DE PRIVACIDAD relacionado con los datos personales, recabados por Productos Polimex, S.A. de C.V., en adelante denominada como \u201cPRODUCTOS POLIMEX\u201d. 1. Generales. 1.1. PRODUCTOS POLIMEX ES UNA PERSONA MORAL COMPROMETIDA Y RESPETUOSA DE LOS DERECHOS SOBRE LOS DATOS PERSONALES DE LAS PERSONAS F\u00cdSICAS, RECONOCIDOS EN EL ART\u00cdCULO 16 FRACCI\u00d3N II DE LA CONSTITUCI\u00d3N POL\u00cdTICA [&hellip;]<\/p>\n","protected":false},"author":1,"featured_media":0,"parent":0,"menu_order":0,"comment_status":"open","ping_status":"closed","template":"page-templates\/contact-page.php","meta":{"footnotes":""},"class_list":["post-5403","page","type-page","status-publish","hentry"],"_links":{"self":[{"href":"https:\/\/polimex.mx\/tienda\/wp-json\/wp\/v2\/pages\/5403","targetHints":{"allow":["GET"]}}],"collection":[{"href":"https:\/\/polimex.mx\/tienda\/wp-json\/wp\/v2\/pages"}],"about":[{"href":"https:\/\/polimex.mx\/tienda\/wp-json\/wp\/v2\/types\/page"}],"author":[{"embeddable":true,"href":"https:\/\/polimex.mx\/tienda\/wp-json\/wp\/v2\/users\/1"}],"replies":[{"embeddable":true,"href":"https:\/\/polimex.mx\/tienda\/wp-json\/wp\/v2\/comments?post=5403"}],"version-history":[{"count":2,"href":"https:\/\/polimex.mx\/tienda\/wp-json\/wp\/v2\/pages\/5403\/revisions"}],"predecessor-version":[{"id":5406,"href":"https:\/\/polimex.mx\/tienda\/wp-json\/wp\/v2\/pages\/5403\/revisions\/5406"}],"wp:attachment":[{"href":"https:\/\/polimex.mx\/tienda\/wp-json\/wp\/v2\/media?parent=5403"}],"curies":[{"name":"wp","href":"https:\/\/api.w.org\/{rel}","templated":true}]}}